{"id":17,"date":"2017-04-09T15:10:35","date_gmt":"2017-04-09T13:10:35","guid":{"rendered":"http:\/\/schuleunterstrom.de\/?page_id=17"},"modified":"2017-10-06T17:09:39","modified_gmt":"2017-10-06T15:09:39","slug":"impressum","status":"publish","type":"page","link":"https:\/\/schuleunterstrom.de\/index.php\/impressum\/","title":{"rendered":"Impressum"},"content":{"rendered":"<div id=\"content\" class=\"site-content\">\n<div class=\"wrapper\">\n<article id=\"post-18\" class=\"post-18 page type-page status-publish hentry\">\n<div class=\"entry-container\">\n<header class=\"entry-header\">\n<p class=\"entry-title\">Dies ist eine private Internetpr\u00e4senz. Ich weise ausdr\u00fccklich darauf hin, dass Meinungs\u00e4u\u00dferungen im Rahmen dieser Website die pers\u00f6nliche Meinung des Autors widerspiegeln. Bitte hinterfragen Sie diese und beziehen Sie weitere Informationen aus anderen Quellen.<\/p>\n<\/header>\n<div class=\"entry-content\">\n<p><span style=\"color: #ff0000;\">Ich widerspreche ausdr\u00fccklich der Nutzung und\/oder \u00dcbermittlung meiner hier genannten Kontaktdaten f\u00fcr kommerzielle Zwecke, Werbung oder f\u00fcr die Markt\u2011 und Meinungsforschung (\u00a7 28 Abs. 3 BDSG).<\/span><\/p>\n<p>Da dieser Hinweis nach wie vor von vielen nicht beachtet wird, hier noch zur Verdeutlichung: Die hier genannten Kontaktdaten sind nicht f\u00fcr Anfragen der Art gedacht, ob ich \u00fcber diese oder jene Seite nicht mal einen Artikel verfassen wolle oder ob ich Interesse an Linktausch habe. Auch Pressemitteilungen sind hier nicht erw\u00fcnscht.<\/p>\n<p>Ich weise ausdr\u00fccklich darauf hin, dass\u00a0die hier angegebenen Daten\u00a0aus rechtlichen Gr\u00fcnden Teil des Impressums sein m\u00fcssen. Sie\u00a0ersetzen nicht die \u00fcblichen Wege bei der Kontaktaufnahme im Rahmen der schulischen Beratung. Dies gilt insbesondere f\u00fcr die hier angef\u00fchrte Telefonnummer.<\/p>\n<p>Steffen Jauch \u2013 Broitzemer Stra\u00dfe 231\u00a0\u2013 38118 Braunschweig\u00a0\u2013 Telefon: 01719949770\u00a0\u2013 E-Mail: skoidats|%|web.de (|%| = @) \u2013 Web: https:\/\/schuleunterstrom.de\u00a0Inhaltlich verantwortlich gem\u00e4\u00df \u00a755 Abs. 2 RSTV: Steffen Jauch\u00a0(Anschrift wie oben)Alle innerhalb des Internetangebotes genannten und ggf. durch Dritte gesch\u00fctzten Marken\u2011 und Warenzeichen unterliegen uneingeschr\u00e4nkt den Bestimmungen des jeweils g\u00fcltigen Kennzeichenrechts und den Besitzrechten der jeweiligen eingetragenen Eigent\u00fcmer. Allein aufgrund der blo\u00dfen Nennung ist nicht der Schluss zu ziehen, dass Markenzeichen nicht durch Rechte Dritter gesch\u00fctzt sind!<\/p>\n<p><strong>Disclaimer<\/strong><\/p>\n<p>Die Inhalte unserer Seiten wurden mit gr\u00f6\u00dfter Sorgfalt erstellt. F\u00fcr die Richtigkeit, Vollst\u00e4ndigkeit und Aktualit\u00e4t der Inhalte k\u00f6nnen wir jedoch keine Gew\u00e4hr \u00fcbernehmen. Als Diensteanbieter sind wir gem\u00e4\u00df \u00a7 7 Abs.1 TMG f\u00fcr eigene Inhalte auf diesen Seiten nach den allgemeinen Gesetzen verantwortlich. Nach \u00a7\u00a7 8 bis 10 TMG sind wir als Diensteanbieter jedoch nicht verpflichtet, \u00fcbermittelte oder gespeicherte fremde Informationen zu \u00fcberwachen oder nach Umst\u00e4nden zu forschen, die auf eine rechtswidrige T\u00e4tigkeit hinweisen. Verpflichtungen zur Entfernung oder Sperrung der Nutzung von Informationen nach den allgemeinen Gesetzen bleiben hiervon unber\u00fchrt. Eine diesbez\u00fcgliche Haftung ist jedoch erst ab dem Zeitpunkt der Kenntnis einer konkreten Rechtsverletzung m\u00f6glich. Bei Bekanntwerden von entsprechenden Rechtsverletzungen werden wir diese Inhalte umgehend entfernen.<\/p>\n<p><strong>Haftung f\u00fcr Links<\/strong><\/p>\n<p>Unser Angebot enth\u00e4lt Links zu externen Webseiten Dritter, auf deren Inhalte wir keinen Einfluss haben. Deshalb k\u00f6nnen wir f\u00fcr diese fremden Inhalte auch keine Gew\u00e4hr \u00fcbernehmen. F\u00fcr die Inhalte der verlinkten Seiten ist stets der jeweilige Anbieter oder Betreiber der Seiten verantwortlich. Die verlinkten Seiten wurden zum Zeitpunkt der Verlinkung auf m\u00f6gliche Rechtsverst\u00f6\u00dfe \u00fcberpr\u00fcft. Rechtswidrige Inhalte waren zum Zeitpunkt der Verlinkung nicht erkennbar. Eine permanente inhaltliche Kontrolle der verlinkten Seiten ist jedoch ohne konkrete Anhaltspunkte einer Rechtsverletzung nicht zumutbar. Bei Bekanntwerden von Rechtsverletzungen werden wir derartige Links umgehend entfernen.<\/p>\n<p><strong>Urheberrecht<\/strong><\/p>\n<p>Die durch die Seitenbetreiber erstellten Inhalte und Werke auf diesen Seiten sind\u00a0 lizenziert unter einer <a href=\"http:\/\/creativecommons.org\/licenses\/by\/4.0\/\" rel=\"license\">Creative Commons Namensnennung 4.0 International Lizenz<\/a>.<br \/>\n<a href=\"http:\/\/creativecommons.org\/licenses\/by\/4.0\/\" rel=\"license\"><img decoding=\"async\" class=\"aligncenter\" style=\"border-width: 0;\" src=\"https:\/\/i.creativecommons.org\/l\/by\/4.0\/88x31.png\" alt=\"Creative Commons Lizenzvertrag\" \/><\/a><br \/>\nSoweit die Inhalte auf dieser Seite nicht vom Betreiber erstellt wurden, werden die Urheberrechte Dritter beachtet. Insbesondere werden Inhalte Dritter als solche gekennzeichnet. Sollten Sie trotzdem auf eine Urheberrechtsverletzung aufmerksam werden, bitten wir um einen entsprechenden Hinweis. Bei Bekanntwerden von Rechtsverletzungen werden wir derartige Inhalte umgehend entfernen.<\/p>\n<p>\u2013 Quelle:\u00a0<a href=\"http:\/\/www.e-recht24.de\/muster-disclaimer.htm\">Disclaimer<\/a>\u00a0von S\u00f6ren Siebert \u2013\u00a0<a href=\"http:\/\/www.e-recht24.de\/\">Anwalt Internet<\/a><\/p>\n<p>&nbsp;<\/p>\n<p><strong>Unsere Datenschutzinformationen finden Sie\u00a0<\/strong><a href=\"https:\/\/schuleunterstrom.de\/index.php\/datenschutz\/\"><strong>hier<\/strong><\/a><strong>.<\/strong><\/p>\n<\/div>\n<\/div>\n<\/article>\n<\/div>\n<\/div>\n<footer id=\"colophon\" class=\"site-footer\">\n<div id=\"site-generator\"><\/div>\n<\/footer>\n","protected":false},"excerpt":{"rendered":"<p>Dies ist eine private Internetpr\u00e4senz. Ich weise ausdr\u00fccklich darauf hin, dass Meinungs\u00e4u\u00dferungen im Rahmen dieser Website die pers\u00f6nliche Meinung des Autors widerspiegeln. Bitte hinterfragen Sie diese und beziehen Sie weitere Informationen aus anderen Quellen. Ich widerspreche ausdr\u00fccklich der Nutzung und\/oder \u00dcbermittlung meiner hier genannten Kontaktdaten f\u00fcr kommerzielle Zwecke, Werbung oder f\u00fcr die Markt\u2011 und Meinungsforschung [&hellip;]<\/p>\n","protected":false},"author":1,"featured_media":0,"parent":0,"menu_order":0,"comment_status":"closed","ping_status":"closed","template":"","meta":{"cybocfi_hide_featured_image":"","footnotes":""},"class_list":["post-17","page","type-page","status-publish","hentry"],"_links":{"self":[{"href":"https:\/\/schuleunterstrom.de\/index.php\/wp-json\/wp\/v2\/pages\/17","targetHints":{"allow":["GET"]}}],"collection":[{"href":"https:\/\/schuleunterstrom.de\/index.php\/wp-json\/wp\/v2\/pages"}],"about":[{"href":"https:\/\/schuleunterstrom.de\/index.php\/wp-json\/wp\/v2\/types\/page"}],"author":[{"embeddable":true,"href":"https:\/\/schuleunterstrom.de\/index.php\/wp-json\/wp\/v2\/users\/1"}],"replies":[{"embeddable":true,"href":"https:\/\/schuleunterstrom.de\/index.php\/wp-json\/wp\/v2\/comments?post=17"}],"version-history":[{"count":4,"href":"https:\/\/schuleunterstrom.de\/index.php\/wp-json\/wp\/v2\/pages\/17\/revisions"}],"predecessor-version":[{"id":143,"href":"https:\/\/schuleunterstrom.de\/index.php\/wp-json\/wp\/v2\/pages\/17\/revisions\/143"}],"wp:attachment":[{"href":"https:\/\/schuleunterstrom.de\/index.php\/wp-json\/wp\/v2\/media?parent=17"}],"curies":[{"name":"wp","href":"https:\/\/api.w.org\/{rel}","templated":true}]}}