{"id":19,"date":"2017-04-09T15:11:37","date_gmt":"2017-04-09T13:11:37","guid":{"rendered":"http:\/\/schuleunterstrom.de\/?page_id=19"},"modified":"2017-04-09T15:22:01","modified_gmt":"2017-04-09T13:22:01","slug":"kontakt","status":"publish","type":"page","link":"https:\/\/schuleunterstrom.de\/index.php\/kontakt\/","title":{"rendered":"Kontakt"},"content":{"rendered":"<header class=\"entry-header\">\n<p class=\"entry-title\">Ich widerspreche ausdr\u00fccklich der Nutzung dieses Kontaktformulars f\u00fcr kommerzielle Zwecke, Werbung oder f\u00fcr die Markt\u2011 und Meinungsforschung.<\/p>\n<\/header>\n<div class=\"entry-content\">\n<p>Dieses Kontaktformular ist nicht f\u00fcr Anfragen der Art gedacht, ob ich \u00fcber diese oder jene Seite nicht mal einen Artikel verfassen wolle oder ob ich Interesse an Linktausch habe. Auch Pressemitteilungen sind hier nicht erw\u00fcnscht.<\/p>\n<p>[psfb id=&#8220;21&#8243; title=&#8220;Unbenanntes Formular&#8220;]<\/p>\n<\/div>\n","protected":false},"excerpt":{"rendered":"<p>Ich widerspreche ausdr\u00fccklich der Nutzung dieses Kontaktformulars f\u00fcr kommerzielle Zwecke, Werbung oder f\u00fcr die Markt\u2011 und Meinungsforschung. Dieses Kontaktformular ist nicht f\u00fcr Anfragen der Art gedacht, ob ich \u00fcber diese oder jene Seite nicht mal einen Artikel verfassen wolle oder ob ich Interesse an Linktausch habe. Auch Pressemitteilungen sind hier nicht erw\u00fcnscht. [psfb id=&#8220;21&#8243; title=&#8220;Unbenanntes [&hellip;]<\/p>\n","protected":false},"author":1,"featured_media":0,"parent":0,"menu_order":0,"comment_status":"closed","ping_status":"closed","template":"","meta":{"cybocfi_hide_featured_image":"","footnotes":""},"class_list":["post-19","page","type-page","status-publish","hentry"],"_links":{"self":[{"href":"https:\/\/schuleunterstrom.de\/index.php\/wp-json\/wp\/v2\/pages\/19","targetHints":{"allow":["GET"]}}],"collection":[{"href":"https:\/\/schuleunterstrom.de\/index.php\/wp-json\/wp\/v2\/pages"}],"about":[{"href":"https:\/\/schuleunterstrom.de\/index.php\/wp-json\/wp\/v2\/types\/page"}],"author":[{"embeddable":true,"href":"https:\/\/schuleunterstrom.de\/index.php\/wp-json\/wp\/v2\/users\/1"}],"replies":[{"embeddable":true,"href":"https:\/\/schuleunterstrom.de\/index.php\/wp-json\/wp\/v2\/comments?post=19"}],"version-history":[{"count":2,"href":"https:\/\/schuleunterstrom.de\/index.php\/wp-json\/wp\/v2\/pages\/19\/revisions"}],"predecessor-version":[{"id":22,"href":"https:\/\/schuleunterstrom.de\/index.php\/wp-json\/wp\/v2\/pages\/19\/revisions\/22"}],"wp:attachment":[{"href":"https:\/\/schuleunterstrom.de\/index.php\/wp-json\/wp\/v2\/media?parent=19"}],"curies":[{"name":"wp","href":"https:\/\/api.w.org\/{rel}","templated":true}]}}